{"id":200,"date":"2022-10-14T10:27:02","date_gmt":"2022-10-14T08:27:02","guid":{"rendered":"https:\/\/www.hotel-churchill.fr\/?page_id=200"},"modified":"2025-09-08T11:40:37","modified_gmt":"2025-09-08T09:40:37","slug":"mont-st-michel-hotel-near-mont-st-michel","status":"publish","type":"page","link":"https:\/\/www.hotel-churchill.fr\/eng\/tourisme-vacances-normandie\/mont-st-michel-hotel-proche-du-mont-st-michel\/","title":{"rendered":"Mont St Michel"},"content":{"rendered":"\t\t<div data-elementor-type=\"wp-page\" data-elementor-id=\"200\" class=\"elementor elementor-200\" data-elementor-post-type=\"page\">\n\t\t\t\t\t\t<section class=\"elementor-section elementor-top-section elementor-element elementor-element-512754e6 elementor-section-full_width elementor-section-height-min-height elementor-section-items-stretch elementor-section-content-middle elementor-section-height-default\" data-id=\"512754e6\" data-element_type=\"section\" data-e-type=\"section\" data-settings=\"{&quot;background_background&quot;:&quot;classic&quot;}\">\n\t\t\t\t\t\t\t<div class=\"elementor-background-overlay\"><\/div>\n\t\t\t\t\t\t\t<div class=\"elementor-container elementor-column-gap-no\">\n\t\t\t\t\t<div class=\"elementor-column elementor-col-100 elementor-top-column elementor-element elementor-element-59acddde\" data-id=\"59acddde\" data-element_type=\"column\" data-e-type=\"column\">\n\t\t\t<div class=\"elementor-widget-wrap elementor-element-populated\">\n\t\t\t\t\t\t<div class=\"elementor-element elementor-element-383758ac anim-txt elementor-widget elementor-widget-heading\" data-id=\"383758ac\" data-element_type=\"widget\" data-e-type=\"widget\" data-widget_type=\"heading.default\">\n\t\t\t\t<div class=\"elementor-widget-container\">\n\t\t\t\t\t<h1 class=\"elementor-heading-title elementor-size-default\"><a href=\"#mont\">Mont St Michel<\/a><\/h1>\t\t\t\t<\/div>\n\t\t\t\t<\/div>\n\t\t\t\t<div class=\"elementor-element elementor-element-411ec9d2 elementor-widget-divider--view-line_icon elementor-absolute elementor-view-default elementor-widget-divider--element-align-center elementor-widget elementor-widget-divider\" data-id=\"411ec9d2\" data-element_type=\"widget\" data-e-type=\"widget\" data-settings=\"{&quot;_position&quot;:&quot;absolute&quot;}\" data-widget_type=\"divider.default\">\n\t\t\t\t<div class=\"elementor-widget-container\">\n\t\t\t\t\t\t\t<div class=\"elementor-divider\">\n\t\t\t<span class=\"elementor-divider-separator\">\n\t\t\t\t\t\t\t<div class=\"elementor-icon elementor-divider__element\">\n\t\t\t\t\t<svg xmlns=\"http:\/\/www.w3.org\/2000\/svg\" width=\"23\" height=\"14.521\" viewBox=\"0 0 23 14.521\"><g id=\"Groupe_1\" data-name=\"Groupe 1\" transform=\"translate(-1089.023 -1441.599)\"><path id=\"Polygone_1\" data-name=\"Polygone 1\" d=\"M7.261,0l7.261,19H0Z\" transform=\"translate(1108.023 1441.599) rotate(90)\" fill=\"#fff\"><\/path><path id=\"Polygone_2\" data-name=\"Polygone 2\" d=\"M7.261,0l7.261,19H0Z\" transform=\"translate(1093.023 1456.12) rotate(-90)\" fill=\"#fff\"><\/path><\/g><\/svg><\/div>\n\t\t\t\t\t\t<\/span>\n\t\t<\/div>\n\t\t\t\t\t\t<\/div>\n\t\t\t\t<\/div>\n\t\t\t\t\t<\/div>\n\t\t<\/div>\n\t\t\t\t\t<\/div>\n\t\t<\/section>\n\t\t\t\t<section class=\"elementor-section elementor-top-section elementor-element elementor-element-19d73da elementor-section-full_width elementor-section-height-min-height elementor-section-items-stretch elementor-section-content-middle elementor-section-height-default\" data-id=\"19d73da\" data-element_type=\"section\" data-e-type=\"section\" id=\"mont\" data-settings=\"{&quot;background_background&quot;:&quot;slideshow&quot;,&quot;background_slideshow_gallery&quot;:[{&quot;id&quot;:892,&quot;url&quot;:&quot;https:\\\/\\\/www.hotel-churchill.fr\\\/wp-content\\\/uploads\\\/2022\\\/10\\\/Test-4.jpg&quot;},{&quot;id&quot;:882,&quot;url&quot;:&quot;https:\\\/\\\/www.hotel-churchill.fr\\\/wp-content\\\/uploads\\\/2022\\\/10\\\/Test-2.jpg&quot;}],&quot;background_slideshow_loop&quot;:&quot;yes&quot;,&quot;background_slideshow_slide_duration&quot;:5000,&quot;background_slideshow_slide_transition&quot;:&quot;fade&quot;,&quot;background_slideshow_transition_duration&quot;:500}\">\n\t\t\t\t\t\t<div class=\"elementor-container elementor-column-gap-no\">\n\t\t\t\t\t<div class=\"elementor-column elementor-col-50 elementor-top-column elementor-element elementor-element-9b64b57\" data-id=\"9b64b57\" data-element_type=\"column\" data-e-type=\"column\" data-settings=\"{&quot;background_background&quot;:&quot;classic&quot;}\">\n\t\t\t<div class=\"elementor-widget-wrap elementor-element-populated\">\n\t\t\t\t\t<div class=\"elementor-background-overlay\"><\/div>\n\t\t\t\t\t\t<div class=\"elementor-element elementor-element-17093327 elementor-widget elementor-widget-heading\" data-id=\"17093327\" data-element_type=\"widget\" data-e-type=\"widget\" data-widget_type=\"heading.default\">\n\t\t\t\t<div class=\"elementor-widget-container\">\n\t\t\t\t\t<h2 class=\"elementor-heading-title elementor-size-default\">La merveille<\/h2>\t\t\t\t<\/div>\n\t\t\t\t<\/div>\n\t\t\t\t<div class=\"elementor-element elementor-element-5cf8b29d elementor-widget elementor-widget-heading\" data-id=\"5cf8b29d\" data-element_type=\"widget\" data-e-type=\"widget\" data-widget_type=\"heading.default\">\n\t\t\t\t<div class=\"elementor-widget-container\">\n\t\t\t\t\t<h3 class=\"elementor-heading-title elementor-size-default\">Une immensit\u00e9 sauvage<\/h3>\t\t\t\t<\/div>\n\t\t\t\t<\/div>\n\t\t\t\t<div class=\"elementor-element elementor-element-4299cf7a elementor-widget elementor-widget-text-editor\" data-id=\"4299cf7a\" data-element_type=\"widget\" data-e-type=\"widget\" data-widget_type=\"text-editor.default\">\n\t\t\t\t<div class=\"elementor-widget-container\">\n\t\t\t\t\t\t\t\t\t<p>L\u2019h\u00f4tel Churchill, proche du Mont-Saint-Michel situ\u00e9 \u00e0 une centaine de kilom\u00e8tres de Bayeux, met \u00e0 votre disposition <a href=\"https:\/\/www.hotel-churchill.fr\/navette-mont-st-michel-navette-mont-st-michel\/\">une navette quotidienne<\/a> pour vous y rendre. Ce superbe \u00eelot rocheux, fond\u00e9 en 709 par l\u2019\u00e9v\u00eaque d\u2019Avranches en hommage \u00e0 l\u2019archange Saint Michel, fascine les hommes depuis des si\u00e8cles. Au-del\u00e0 de la beaut\u00e9 de son architecture et de la richesse de son histoire, un myst\u00e8re perdure li\u00e9 au rythme des mar\u00e9es et \u00e0 l\u2019immensit\u00e9 qui l\u2019entoure. Notre h\u00f4tel proche du Mont-Saint-Michel vous permet de faire l\u2019aller-retour dans la journ\u00e9e.<\/p>\t\t\t\t\t\t\t\t<\/div>\n\t\t\t\t<\/div>\n\t\t\t\t\t<\/div>\n\t\t<\/div>\n\t\t\t\t<div class=\"elementor-column elementor-col-50 elementor-top-column elementor-element elementor-element-4dbd2455 elementor-hidden-mobile\" data-id=\"4dbd2455\" data-element_type=\"column\" data-e-type=\"column\">\n\t\t\t<div class=\"elementor-widget-wrap\">\n\t\t\t\t\t\t\t<\/div>\n\t\t<\/div>\n\t\t\t\t\t<\/div>\n\t\t<\/section>\n\t\t\t\t<section class=\"elementor-section elementor-top-section elementor-element elementor-element-2fc61e30 elementor-section-boxed elementor-section-height-default elementor-section-height-default\" data-id=\"2fc61e30\" data-element_type=\"section\" data-e-type=\"section\">\n\t\t\t\t\t\t\t<div class=\"elementor-background-overlay\"><\/div>\n\t\t\t\t\t\t\t<div class=\"elementor-container elementor-column-gap-no\">\n\t\t\t\t\t<div class=\"elementor-column elementor-col-33 elementor-top-column elementor-element elementor-element-9a6d257\" data-id=\"9a6d257\" data-element_type=\"column\" data-e-type=\"column\" id=\"carte-foot\" data-settings=\"{&quot;background_background&quot;:&quot;classic&quot;}\">\n\t\t\t<div class=\"elementor-widget-wrap elementor-element-populated\">\n\t\t\t\t\t<div class=\"elementor-background-overlay\"><\/div>\n\t\t\t\t\t\t<div class=\"elementor-element elementor-element-3e9d1fe0 elementor-widget elementor-widget-image\" data-id=\"3e9d1fe0\" data-element_type=\"widget\" data-e-type=\"widget\" data-widget_type=\"image.default\">\n\t\t\t\t<div class=\"elementor-widget-container\">\n\t\t\t\t\t\t\t\t\t\t\t\t\t\t\t<img fetchpriority=\"high\" decoding=\"async\" width=\"800\" height=\"532\" src=\"https:\/\/www.hotel-churchill.fr\/wp-content\/uploads\/2022\/10\/plage-du-debarquement-normandie-churchill-1024x681.jpg\" class=\"attachment-large size-large wp-image-933\" alt=\"Plages du D\u00e9barquement en Normandie, sites historiques majeurs accessibles depuis l\u2019H\u00f4tel Churchill\" srcset=\"https:\/\/www.hotel-churchill.fr\/wp-content\/uploads\/2022\/10\/plage-du-debarquement-normandie-churchill-1024x681.jpg 1024w, https:\/\/www.hotel-churchill.fr\/wp-content\/uploads\/2022\/10\/plage-du-debarquement-normandie-churchill-600x399.jpg 600w, https:\/\/www.hotel-churchill.fr\/wp-content\/uploads\/2022\/10\/plage-du-debarquement-normandie-churchill-300x200.jpg 300w, https:\/\/www.hotel-churchill.fr\/wp-content\/uploads\/2022\/10\/plage-du-debarquement-normandie-churchill-768x511.jpg 768w, https:\/\/www.hotel-churchill.fr\/wp-content\/uploads\/2022\/10\/plage-du-debarquement-normandie-churchill-1536x1022.jpg 1536w, https:\/\/www.hotel-churchill.fr\/wp-content\/uploads\/2022\/10\/plage-du-debarquement-normandie-churchill-18x12.jpg 18w, https:\/\/www.hotel-churchill.fr\/wp-content\/uploads\/2022\/10\/plage-du-debarquement-normandie-churchill.jpg 1920w\" sizes=\"(max-width: 800px) 100vw, 800px\" \/>\t\t\t\t\t\t\t\t\t\t\t\t\t\t\t<\/div>\n\t\t\t\t<\/div>\n\t\t\t\t<div class=\"elementor-element elementor-element-e189871 elementor-widget elementor-widget-image\" data-id=\"e189871\" data-element_type=\"widget\" data-e-type=\"widget\" data-widget_type=\"image.default\">\n\t\t\t\t<div class=\"elementor-widget-container\">\n\t\t\t\t\t\t\t\t\t\t\t\t\t\t\t<img decoding=\"async\" width=\"77\" height=\"77\" src=\"https:\/\/www.hotel-churchill.fr\/wp-content\/uploads\/2022\/10\/Logo-Vignette-CH.svg\" class=\"attachment-full size-full wp-image-183\" alt=\"\" \/>\t\t\t\t\t\t\t\t\t\t\t\t\t\t\t<\/div>\n\t\t\t\t<\/div>\n\t\t\t\t<section class=\"elementor-section elementor-inner-section elementor-element elementor-element-72ed5d28 elementor-section-full_width elementor-section-height-default elementor-section-height-default\" data-id=\"72ed5d28\" data-element_type=\"section\" data-e-type=\"section\" data-settings=\"{&quot;background_background&quot;:&quot;classic&quot;}\">\n\t\t\t\t\t\t<div class=\"elementor-container elementor-column-gap-no\">\n\t\t\t\t\t<div class=\"elementor-column elementor-col-100 elementor-inner-column elementor-element elementor-element-6cd631c8\" data-id=\"6cd631c8\" data-element_type=\"column\" data-e-type=\"column\">\n\t\t\t<div class=\"elementor-widget-wrap elementor-element-populated\">\n\t\t\t\t\t\t<div class=\"elementor-element elementor-element-52a1f6c3 elementor-widget elementor-widget-heading\" data-id=\"52a1f6c3\" data-element_type=\"widget\" data-e-type=\"widget\" data-widget_type=\"heading.default\">\n\t\t\t\t<div class=\"elementor-widget-container\">\n\t\t\t\t\t<h4 class=\"elementor-heading-title elementor-size-default\">Plages du d\u00e9barquement<\/h4>\t\t\t\t<\/div>\n\t\t\t\t<\/div>\n\t\t\t\t<div class=\"elementor-element elementor-element-24c29f6a elementor-align-justify bouton elementor-widget__width-initial elementor-widget elementor-widget-button\" data-id=\"24c29f6a\" data-element_type=\"widget\" data-e-type=\"widget\" data-widget_type=\"button.default\">\n\t\t\t\t<div class=\"elementor-widget-container\">\n\t\t\t\t\t\t\t\t\t<div class=\"elementor-button-wrapper\">\n\t\t\t\t\t<a class=\"elementor-button elementor-button-link elementor-size-sm\" href=\"https:\/\/www.hotel-churchill.fr\/eng\/tourisme-vacances-normandie\/plages-du-debarquement-hotel-plage-du-debarquement\/\">\n\t\t\t\t\t\t<span class=\"elementor-button-content-wrapper\">\n\t\t\t\t\t\t\t\t\t<span class=\"elementor-button-text\">D\u00e9couvrir<\/span>\n\t\t\t\t\t<\/span>\n\t\t\t\t\t<\/a>\n\t\t\t\t<\/div>\n\t\t\t\t\t\t\t\t<\/div>\n\t\t\t\t<\/div>\n\t\t\t\t\t<\/div>\n\t\t<\/div>\n\t\t\t\t\t<\/div>\n\t\t<\/section>\n\t\t\t\t\t<\/div>\n\t\t<\/div>\n\t\t\t\t<div class=\"elementor-column elementor-col-33 elementor-top-column elementor-element elementor-element-171d3305\" data-id=\"171d3305\" data-element_type=\"column\" data-e-type=\"column\" id=\"carte-foot\" data-settings=\"{&quot;background_background&quot;:&quot;classic&quot;}\">\n\t\t\t<div class=\"elementor-widget-wrap elementor-element-populated\">\n\t\t\t\t\t<div class=\"elementor-background-overlay\"><\/div>\n\t\t\t\t\t\t<div class=\"elementor-element elementor-element-cc0414d elementor-widget elementor-widget-image\" data-id=\"cc0414d\" data-element_type=\"widget\" data-e-type=\"widget\" data-widget_type=\"image.default\">\n\t\t\t\t<div class=\"elementor-widget-container\">\n\t\t\t\t\t\t\t\t\t\t\t\t\t\t\t<img decoding=\"async\" width=\"800\" height=\"532\" src=\"https:\/\/www.hotel-churchill.fr\/wp-content\/uploads\/2022\/10\/bayeux-normandie-churchill-1024x681.jpg\" class=\"attachment-large size-large wp-image-932\" alt=\"Cath\u00e9drale Notre-Dame de Bayeux, Normandie, joyau de l\u2019architecture gothique \u00e0 proximit\u00e9 de l\u2019H\u00f4tel Churchill\" srcset=\"https:\/\/www.hotel-churchill.fr\/wp-content\/uploads\/2022\/10\/bayeux-normandie-churchill-1024x681.jpg 1024w, https:\/\/www.hotel-churchill.fr\/wp-content\/uploads\/2022\/10\/bayeux-normandie-churchill-600x399.jpg 600w, https:\/\/www.hotel-churchill.fr\/wp-content\/uploads\/2022\/10\/bayeux-normandie-churchill-300x200.jpg 300w, https:\/\/www.hotel-churchill.fr\/wp-content\/uploads\/2022\/10\/bayeux-normandie-churchill-768x511.jpg 768w, https:\/\/www.hotel-churchill.fr\/wp-content\/uploads\/2022\/10\/bayeux-normandie-churchill-1536x1022.jpg 1536w, https:\/\/www.hotel-churchill.fr\/wp-content\/uploads\/2022\/10\/bayeux-normandie-churchill-18x12.jpg 18w, https:\/\/www.hotel-churchill.fr\/wp-content\/uploads\/2022\/10\/bayeux-normandie-churchill.jpg 1920w\" sizes=\"(max-width: 800px) 100vw, 800px\" \/>\t\t\t\t\t\t\t\t\t\t\t\t\t\t\t<\/div>\n\t\t\t\t<\/div>\n\t\t\t\t<div class=\"elementor-element elementor-element-d3a5b17 elementor-widget elementor-widget-image\" data-id=\"d3a5b17\" data-element_type=\"widget\" data-e-type=\"widget\" data-widget_type=\"image.default\">\n\t\t\t\t<div class=\"elementor-widget-container\">\n\t\t\t\t\t\t\t\t\t\t\t\t\t\t\t<img decoding=\"async\" width=\"77\" height=\"77\" src=\"https:\/\/www.hotel-churchill.fr\/wp-content\/uploads\/2022\/10\/Logo-Vignette-CH.svg\" class=\"attachment-full size-full wp-image-183\" alt=\"\" \/>\t\t\t\t\t\t\t\t\t\t\t\t\t\t\t<\/div>\n\t\t\t\t<\/div>\n\t\t\t\t<section class=\"elementor-section elementor-inner-section elementor-element elementor-element-73023920 elementor-section-full_width elementor-section-height-default elementor-section-height-default\" data-id=\"73023920\" data-element_type=\"section\" data-e-type=\"section\" data-settings=\"{&quot;background_background&quot;:&quot;classic&quot;}\">\n\t\t\t\t\t\t<div class=\"elementor-container elementor-column-gap-no\">\n\t\t\t\t\t<div class=\"elementor-column elementor-col-100 elementor-inner-column elementor-element elementor-element-6d38a6f7\" data-id=\"6d38a6f7\" data-element_type=\"column\" data-e-type=\"column\">\n\t\t\t<div class=\"elementor-widget-wrap elementor-element-populated\">\n\t\t\t\t\t\t<div class=\"elementor-element elementor-element-4a87dff1 elementor-widget elementor-widget-heading\" data-id=\"4a87dff1\" data-element_type=\"widget\" data-e-type=\"widget\" data-widget_type=\"heading.default\">\n\t\t\t\t<div class=\"elementor-widget-container\">\n\t\t\t\t\t<h4 class=\"elementor-heading-title elementor-size-default\">Bayeux<\/h4>\t\t\t\t<\/div>\n\t\t\t\t<\/div>\n\t\t\t\t<div class=\"elementor-element elementor-element-4ba8e34d elementor-align-justify bouton elementor-widget__width-initial elementor-widget elementor-widget-button\" data-id=\"4ba8e34d\" data-element_type=\"widget\" data-e-type=\"widget\" data-widget_type=\"button.default\">\n\t\t\t\t<div class=\"elementor-widget-container\">\n\t\t\t\t\t\t\t\t\t<div class=\"elementor-button-wrapper\">\n\t\t\t\t\t<a class=\"elementor-button elementor-button-link elementor-size-sm\" href=\"https:\/\/www.hotel-churchill.fr\/eng\/tourisme-vacances-normandie\/bayeux-hotel-bayeux-centre-ville\/\">\n\t\t\t\t\t\t<span class=\"elementor-button-content-wrapper\">\n\t\t\t\t\t\t\t\t\t<span class=\"elementor-button-text\">D\u00e9couvrir<\/span>\n\t\t\t\t\t<\/span>\n\t\t\t\t\t<\/a>\n\t\t\t\t<\/div>\n\t\t\t\t\t\t\t\t<\/div>\n\t\t\t\t<\/div>\n\t\t\t\t\t<\/div>\n\t\t<\/div>\n\t\t\t\t\t<\/div>\n\t\t<\/section>\n\t\t\t\t\t<\/div>\n\t\t<\/div>\n\t\t\t\t<div class=\"elementor-column elementor-col-33 elementor-top-column elementor-element elementor-element-51591ee4\" data-id=\"51591ee4\" data-element_type=\"column\" data-e-type=\"column\" id=\"carte-foot\" data-settings=\"{&quot;background_background&quot;:&quot;classic&quot;}\">\n\t\t\t<div class=\"elementor-widget-wrap elementor-element-populated\">\n\t\t\t\t\t<div class=\"elementor-background-overlay\"><\/div>\n\t\t\t\t\t\t<div class=\"elementor-element elementor-element-7f8b588d elementor-widget elementor-widget-image\" data-id=\"7f8b588d\" data-element_type=\"widget\" data-e-type=\"widget\" data-widget_type=\"image.default\">\n\t\t\t\t<div class=\"elementor-widget-container\">\n\t\t\t\t\t\t\t\t\t\t\t\t\t\t\t<img decoding=\"async\" src=\"https:\/\/www.hotel-churchill.fr\/wp-content\/uploads\/2022\/10\/the-normandy-bridge-in-france-2021-12-09-21-49-57-utc.jpg\" title=\"\" alt=\"\" loading=\"lazy\" \/>\t\t\t\t\t\t\t\t\t\t\t\t\t\t\t<\/div>\n\t\t\t\t<\/div>\n\t\t\t\t<div class=\"elementor-element elementor-element-c22a4fd elementor-widget elementor-widget-image\" data-id=\"c22a4fd\" data-element_type=\"widget\" data-e-type=\"widget\" data-widget_type=\"image.default\">\n\t\t\t\t<div class=\"elementor-widget-container\">\n\t\t\t\t\t\t\t\t\t\t\t\t\t\t\t<img decoding=\"async\" width=\"77\" height=\"77\" src=\"https:\/\/www.hotel-churchill.fr\/wp-content\/uploads\/2022\/10\/Logo-Vignette-CH.svg\" class=\"attachment-full size-full wp-image-183\" alt=\"\" \/>\t\t\t\t\t\t\t\t\t\t\t\t\t\t\t<\/div>\n\t\t\t\t<\/div>\n\t\t\t\t<section class=\"elementor-section elementor-inner-section elementor-element elementor-element-3da386d5 elementor-section-full_width elementor-section-height-default elementor-section-height-default\" data-id=\"3da386d5\" data-element_type=\"section\" data-e-type=\"section\" data-settings=\"{&quot;background_background&quot;:&quot;classic&quot;}\">\n\t\t\t\t\t\t<div class=\"elementor-container elementor-column-gap-no\">\n\t\t\t\t\t<div class=\"elementor-column elementor-col-100 elementor-inner-column elementor-element elementor-element-4b4795dd\" data-id=\"4b4795dd\" data-element_type=\"column\" data-e-type=\"column\">\n\t\t\t<div class=\"elementor-widget-wrap elementor-element-populated\">\n\t\t\t\t\t\t<div class=\"elementor-element elementor-element-769a58c9 elementor-widget elementor-widget-heading\" data-id=\"769a58c9\" data-element_type=\"widget\" data-e-type=\"widget\" data-widget_type=\"heading.default\">\n\t\t\t\t<div class=\"elementor-widget-container\">\n\t\t\t\t\t<h4 class=\"elementor-heading-title elementor-size-default\">Bocage Normand<\/h4>\t\t\t\t<\/div>\n\t\t\t\t<\/div>\n\t\t\t\t<div class=\"elementor-element elementor-element-26e505a8 elementor-align-justify bouton elementor-widget__width-initial elementor-widget elementor-widget-button\" data-id=\"26e505a8\" data-element_type=\"widget\" data-e-type=\"widget\" data-widget_type=\"button.default\">\n\t\t\t\t<div class=\"elementor-widget-container\">\n\t\t\t\t\t\t\t\t\t<div class=\"elementor-button-wrapper\">\n\t\t\t\t\t<a class=\"elementor-button elementor-button-link elementor-size-sm\" href=\"https:\/\/www.hotel-churchill.fr\/eng\/tourisme-vacances-normandie\/bocage-normand-le-bocage-normand\/\">\n\t\t\t\t\t\t<span class=\"elementor-button-content-wrapper\">\n\t\t\t\t\t\t\t\t\t<span class=\"elementor-button-text\">D\u00e9couvrir<\/span>\n\t\t\t\t\t<\/span>\n\t\t\t\t\t<\/a>\n\t\t\t\t<\/div>\n\t\t\t\t\t\t\t\t<\/div>\n\t\t\t\t<\/div>\n\t\t\t\t\t<\/div>\n\t\t<\/div>\n\t\t\t\t\t<\/div>\n\t\t<\/section>\n\t\t\t\t\t<\/div>\n\t\t<\/div>\n\t\t\t\t\t<\/div>\n\t\t<\/section>\n\t\t\t\t<\/div>\n\t\t","protected":false},"excerpt":{"rendered":"<p>La merveille Une immensit\u00e9 sauvage L\u2019h\u00f4tel Churchill, proche du Mont-Saint-Michel situ\u00e9 \u00e0 une centaine de kilom\u00e8tres de Bayeux, met \u00e0 votre disposition une navette quotidienne pour vous y rendre. Ce superbe \u00eelot rocheux, fond\u00e9 en 709 par l\u2019\u00e9v\u00eaque d\u2019Avranches en hommage \u00e0 l\u2019archange Saint Michel, fascine les hommes depuis des si\u00e8cles. Au-del\u00e0 de la beaut\u00e9 [&hellip;]<\/p>\n","protected":false},"author":12,"featured_media":0,"parent":194,"menu_order":0,"comment_status":"closed","ping_status":"closed","template":"","meta":{"inline_featured_image":false,"footnotes":""},"class_list":["post-200","page","type-page","status-publish","hentry"],"_links":{"self":[{"href":"https:\/\/www.hotel-churchill.fr\/eng\/wp-json\/wp\/v2\/pages\/200","targetHints":{"allow":["GET"]}}],"collection":[{"href":"https:\/\/www.hotel-churchill.fr\/eng\/wp-json\/wp\/v2\/pages"}],"about":[{"href":"https:\/\/www.hotel-churchill.fr\/eng\/wp-json\/wp\/v2\/types\/page"}],"author":[{"embeddable":true,"href":"https:\/\/www.hotel-churchill.fr\/eng\/wp-json\/wp\/v2\/users\/12"}],"replies":[{"embeddable":true,"href":"https:\/\/www.hotel-churchill.fr\/eng\/wp-json\/wp\/v2\/comments?post=200"}],"version-history":[{"count":25,"href":"https:\/\/www.hotel-churchill.fr\/eng\/wp-json\/wp\/v2\/pages\/200\/revisions"}],"predecessor-version":[{"id":4270,"href":"https:\/\/www.hotel-churchill.fr\/eng\/wp-json\/wp\/v2\/pages\/200\/revisions\/4270"}],"up":[{"embeddable":true,"href":"https:\/\/www.hotel-churchill.fr\/eng\/wp-json\/wp\/v2\/pages\/194"}],"wp:attachment":[{"href":"https:\/\/www.hotel-churchill.fr\/eng\/wp-json\/wp\/v2\/media?parent=200"}],"curies":[{"name":"wp","href":"https:\/\/api.w.org\/{rel}","templated":true}]}}